{"id":73,"date":"2026-02-07T22:36:57","date_gmt":"2026-02-07T21:36:57","guid":{"rendered":"http:\/\/10.100.0.122\/?page_id=73"},"modified":"2026-03-02T13:20:31","modified_gmt":"2026-03-02T12:20:31","slug":"nous-contacter","status":"publish","type":"page","link":"https:\/\/igsniger.com\/index.php\/igs-niger-homepage\/nous-contacter\/","title":{"rendered":"Nous Contacter"},"content":{"rendered":"<div class=\"igs-page-header\">\n<div class=\"igs-container\">\n<h1><a href=\"mailto:contact@igsniger.com\">Contactez-Nous<\/a><\/h1>\n<p>Une question, un devis ou un besoin technique ? Nos \u00e9quipes sont \u00e0 votre \u00e9coute.<\/p>\n<\/div>\n<\/div>\n<div class=\"contact-layout\">\n<div class=\"contact-info-col\">\n<h3>Nos Coordonn\u00e9es<\/h3>\n<div class=\"info-item\"><strong>\ud83d\udccd Adresse :<\/strong><br \/>\nQuartier Riyad, Niamey, Niger<\/div>\n<div class=\"info-item\"><strong>\ud83d\udcde T\u00e9l\u00e9phone \/ Whatsapp:<\/strong><br \/>\n<a href=\"tel:+22799880606\">+227 99880606<\/a> | <a href=\"tel:+22791880606\">91880606<\/a><\/div>\n<div class=\"info-item\"><strong>\ud83d\udce7 Email :<\/strong><br \/>\n<a href=\"mailto:contact@igsniger.com\">contact@igsniger.com<\/a><\/div>\n<div class=\"info-item\"><strong>\ud83d\udd52 Horaires :<\/strong><br \/>\nLundi &#8211; Vendredi : 08h00 &#8211; 17h30<br \/>\nSamedi : 09h00 &#8211; 13h00<\/div>\n<div class=\"legal-note\">\n<p><em>NIF : 132082\/S | RCCM : NE-NIM-2024-A10-04460<\/em><\/p>\n<\/div>\n<\/div>\n<div class=\"contact-form-col\">\n<h3>Envoyez-nous un message<\/h3>\n<\/div>\n<\/div>\n<div class=\"map-section\"><iframe loading=\"lazy\" style=\"border: 0;\" src=\"https:\/\/www.google.com\/maps\/embed?pb=!1m17!1m12!1m3!1d1939.4239569023237!2d2.078401856459445!3d13.544919604302358!2m3!1f0!2f0!3f0!3m2!1i1024!2i768!4f13.1!3m2!1m1!2zMTPCsDMyJzQxLjciTiAywrAwNCc0Ni45IkU!5e0!3m2!1sen!2sus!4v1770497294665!5m2!1sen!2sus\" width=\"100%\" height=\"400\" allowfullscreen=\"allowfullscreen\"><\/iframe><\/div>\n","protected":false},"excerpt":{"rendered":"<p>Contactez-Nous Une question, un devis ou un besoin technique ? Nos \u00e9quipes sont \u00e0 votre \u00e9coute. Nos Coordonn\u00e9es \ud83d\udccd Adresse : Quartier Riyad, Niamey, Niger \ud83d\udcde T\u00e9l\u00e9phone \/ Whatsapp: +227 99880606 | 91880606 \ud83d\udce7 Email : contact@igsniger.com \ud83d\udd52 Horaires : Lundi &#8211; Vendredi : 08h00 &#8211; 17h30 Samedi : 09h00 &#8211; 13h00 NIF : 132082\/S&#8230;<\/p>\n","protected":false},"author":1,"featured_media":0,"parent":10,"menu_order":0,"comment_status":"closed","ping_status":"closed","template":"","meta":{"footnotes":""},"class_list":["post-73","page","type-page","status-publish","hentry"],"_links":{"self":[{"href":"https:\/\/igsniger.com\/index.php\/wp-json\/wp\/v2\/pages\/73","targetHints":{"allow":["GET"]}}],"collection":[{"href":"https:\/\/igsniger.com\/index.php\/wp-json\/wp\/v2\/pages"}],"about":[{"href":"https:\/\/igsniger.com\/index.php\/wp-json\/wp\/v2\/types\/page"}],"author":[{"embeddable":true,"href":"https:\/\/igsniger.com\/index.php\/wp-json\/wp\/v2\/users\/1"}],"replies":[{"embeddable":true,"href":"https:\/\/igsniger.com\/index.php\/wp-json\/wp\/v2\/comments?post=73"}],"version-history":[{"count":4,"href":"https:\/\/igsniger.com\/index.php\/wp-json\/wp\/v2\/pages\/73\/revisions"}],"predecessor-version":[{"id":141,"href":"https:\/\/igsniger.com\/index.php\/wp-json\/wp\/v2\/pages\/73\/revisions\/141"}],"up":[{"embeddable":true,"href":"https:\/\/igsniger.com\/index.php\/wp-json\/wp\/v2\/pages\/10"}],"wp:attachment":[{"href":"https:\/\/igsniger.com\/index.php\/wp-json\/wp\/v2\/media?parent=73"}],"curies":[{"name":"wp","href":"https:\/\/api.w.org\/{rel}","templated":true}]}}