{"id":10,"date":"2025-01-26T00:40:29","date_gmt":"2025-01-26T00:40:29","guid":{"rendered":"http:\/\/10.100.0.122\/?page_id=10"},"modified":"2026-03-02T13:33:41","modified_gmt":"2026-03-02T12:33:41","slug":"igs-niger-homepage","status":"publish","type":"page","link":"https:\/\/igsniger.com\/index.php\/igs-niger-homepage\/","title":{"rendered":"IGS Niger &#8211; Acceuil"},"content":{"rendered":"<style>\n        body {<br \/>\n            font-family: Arial, sans-serif;<br \/>\n            margin: 0;<br \/>\n            padding: 0;<br \/>\n            background-color: #f4f4f9;<br \/>\n            color: #333;<br \/>\n            text-align: center;<br \/>\n        }<br \/>\n        header {<br \/>\n            background-color: #0066cc;<br \/>\n            color: #fff;<br \/>\n            padding: 20px 0;<br \/>\n        }<br \/>\n        header h1 {<br \/>\n            margin: 0;<br \/>\n            font-size: 2.5rem;<br \/>\n        }<br \/>\n        .container {<br \/>\n            padding: 20px;<br \/>\n        }<br \/>\n        .cta {<br \/>\n            margin: 20px 0;<br \/>\n        }<br \/>\n        .cta a {<br \/>\n            display: inline-block;<br \/>\n            padding: 10px 20px;<br \/>\n            background-color: #0066cc;<br \/>\n            color: white;<br \/>\n            text-decoration: none;<br \/>\n            border-radius: 5px;<br \/>\n            font-size: 1.2rem;<br \/>\n        }<br \/>\n        .cta a:hover {<br \/>\n            background-color: #005bb5;<br \/>\n        }<br \/>\n        footer {<br \/>\n            background-color: #333;<br \/>\n            color: #fff;<br \/>\n            padding: 10px 0;<br \/>\n            margin-top: 20px;<br \/>\n        }<br \/>\n        footer p {<br \/>\n            margin: 0;<br \/>\n            font-size: 0.9rem;<br \/>\n        }<br \/>\n    <\/style>\n<header>\n<h1>Bienvenue chez IGS Niger<\/h1>\n<\/header>\n<div class=\"container\">\n<p>Chez IGS Niger, nous sommes engag\u00e9s \u00e0 fournir des solutions innovantes et \u00e0 soutenir les entreprises \u00e0 travers le Niger et au-del\u00e0. D\u00e9couvrez nos services et laissez-nous vous aider \u00e0 atteindre vos objectifs.<\/p>\n<p>Nous offrons une gamme de services adapt\u00e9s \u00e0 vos besoins, qu&#8217;il s&#8217;agisse de conseils professionnels, de solutions technologiques ou d&#8217;accompagnement strat\u00e9gique. Notre \u00e9quipe est l\u00e0 pour vous guider \u00e0 chaque \u00e9tape.<\/p>\n<div class=\"cta\"><a href=\"https:\/\/igsniger.com\/index.php\/igs-niger-homepage\/nos-prestations\/\">Nos Services<\/a><\/div>\n<div class=\"cta\"><a href=\"https:\/\/igsniger.com\/index.php\/igs-niger-homepage\/nous-contacter\/\">Nous Contacter<\/a><\/div>\n<div><a href=\"https:\/\/igsniger.com\/index.php\/igs-niger-homepage\/notre-entreprise\/\">Notre Entreprise<\/a><\/div>\n<\/div>\n<div><\/div>\n<div><\/div>\n<div class=\"container\">\n<div>Adresse : Quartier Riyad, Niamey, Niger | T\u00e9l\u00e9phone : <a href=\"tel:+22799880606\">+227 99880606<\/a> \/ <a href=\"tel:+22791880606\">91880606<\/a> | Email: <a href=\"mailto:contact@igsniger.com\">contact@igsniger.com<\/a><\/div>\n<\/div>\n","protected":false},"excerpt":{"rendered":"<p>Bienvenue chez IGS Niger Chez IGS Niger, nous sommes engag\u00e9s \u00e0 fournir des solutions innovantes et \u00e0 soutenir les entreprises \u00e0 travers le Niger et au-del\u00e0. D\u00e9couvrez nos services et laissez-nous vous aider \u00e0 atteindre vos objectifs. Nous offrons une gamme de services adapt\u00e9s \u00e0 vos besoins, qu&#8217;il s&#8217;agisse de conseils professionnels, de solutions technologiques&#8230;<\/p>\n","protected":false},"author":1,"featured_media":0,"parent":0,"menu_order":1,"comment_status":"closed","ping_status":"closed","template":"","meta":{"footnotes":""},"class_list":["post-10","page","type-page","status-publish","hentry"],"_links":{"self":[{"href":"https:\/\/igsniger.com\/index.php\/wp-json\/wp\/v2\/pages\/10","targetHints":{"allow":["GET"]}}],"collection":[{"href":"https:\/\/igsniger.com\/index.php\/wp-json\/wp\/v2\/pages"}],"about":[{"href":"https:\/\/igsniger.com\/index.php\/wp-json\/wp\/v2\/types\/page"}],"author":[{"embeddable":true,"href":"https:\/\/igsniger.com\/index.php\/wp-json\/wp\/v2\/users\/1"}],"replies":[{"embeddable":true,"href":"https:\/\/igsniger.com\/index.php\/wp-json\/wp\/v2\/comments?post=10"}],"version-history":[{"count":22,"href":"https:\/\/igsniger.com\/index.php\/wp-json\/wp\/v2\/pages\/10\/revisions"}],"predecessor-version":[{"id":144,"href":"https:\/\/igsniger.com\/index.php\/wp-json\/wp\/v2\/pages\/10\/revisions\/144"}],"wp:attachment":[{"href":"https:\/\/igsniger.com\/index.php\/wp-json\/wp\/v2\/media?parent=10"}],"curies":[{"name":"wp","href":"https:\/\/api.w.org\/{rel}","templated":true}]}}